{"id":3416,"date":"2025-06-12T11:33:11","date_gmt":"2025-06-12T09:33:11","guid":{"rendered":"https:\/\/villaalmare.promoservicebeta.com\/recherche-conversationnelle\/"},"modified":"2025-08-14T10:11:50","modified_gmt":"2025-08-14T08:11:50","slug":"recherche-conversationnelle","status":"publish","type":"page","link":"https:\/\/villaalmare.com\/fr\/recherche-conversationnelle\/","title":{"rendered":"Recherche conversationnelle"},"content":{"rendered":"\t\t<div data-elementor-type=\"wp-page\" data-elementor-id=\"3416\" class=\"elementor elementor-3416 elementor-647\" data-elementor-post-type=\"page\">\n\t\t\t\t<div class=\"elementor-element elementor-element-4c3082c e-con-full e-flex e-con e-parent\" data-id=\"4c3082c\" data-element_type=\"container\" data-e-type=\"container\">\n\t\t\t\t<div class=\"elementor-element elementor-element-42243d3 elementor-widget elementor-widget-template\" data-id=\"42243d3\" data-element_type=\"widget\" data-e-type=\"widget\" data-widget_type=\"template.default\">\n\t\t\t\t<div class=\"elementor-widget-container\">\n\t\t\t\t\t\t\t<div class=\"elementor-template\">\n\t\t\t\t\t<div data-elementor-type=\"section\" data-elementor-id=\"3564\" class=\"elementor elementor-3564 elementor-334 elementor-334\" data-elementor-post-type=\"elementor_library\">\n\t\t\t<div class=\"elementor-element elementor-element-33fec70b e-con-full site-hero-image e-flex e-con e-parent\" data-id=\"33fec70b\" data-element_type=\"container\" data-e-type=\"container\" data-settings=\"{&quot;background_background&quot;:&quot;classic&quot;}\">\n\t\t<div class=\"elementor-element elementor-element-144db223 e-flex e-con-boxed e-con e-child\" data-id=\"144db223\" data-element_type=\"container\" data-e-type=\"container\" data-settings=\"{&quot;background_background&quot;:&quot;classic&quot;}\">\n\t\t\t\t\t<div class=\"e-con-inner\">\n\t\t<div class=\"elementor-element elementor-element-3c9dfdb8 e-con-full elementor-hidden-desktop elementor-hidden-laptop elementor-hidden-tablet_extra elementor-hidden-tablet elementor-hidden-mobile e-flex e-con e-child\" data-id=\"3c9dfdb8\" data-element_type=\"container\" data-e-type=\"container\" data-settings=\"{&quot;background_background&quot;:&quot;classic&quot;}\">\n\t\t\t\t<div class=\"elementor-element elementor-element-787c67e4 elementor-widget__width-initial elementor-widget elementor-widget-shortcode\" data-id=\"787c67e4\" data-element_type=\"widget\" data-e-type=\"widget\" data-widget_type=\"shortcode.default\">\n\t\t\t\t<div class=\"elementor-widget-container\">\n\t\t\t\t\t\t\t<div class=\"elementor-shortcode\">[booking-form]\n        <\/div>\n\t\t\t\t\t\t<\/div>\n\t\t\t\t<\/div>\n\t\t\t\t<\/div>\n\t\t\t\t\t<\/div>\n\t\t\t\t<\/div>\n\t\t<div class=\"elementor-element elementor-element-453fd3d6 e-flex e-con-boxed e-con e-child\" data-id=\"453fd3d6\" data-element_type=\"container\" data-e-type=\"container\">\n\t\t\t\t\t<div class=\"e-con-inner\">\n\t\t\t\t<div class=\"elementor-element elementor-element-3c56d976 elementor-widget elementor-widget-heading\" data-id=\"3c56d976\" data-element_type=\"widget\" data-e-type=\"widget\" data-widget_type=\"heading.default\">\n\t\t\t\t<div class=\"elementor-widget-container\">\n\t\t\t\t\t<h1 class=\"elementor-heading-title elementor-size-default\">Recherche conversationnelle<\/h1>\t\t\t\t<\/div>\n\t\t\t\t<\/div>\n\t\t\t\t\t<\/div>\n\t\t\t\t<\/div>\n\t\t\t\t<\/div>\n\t\t\t\t<\/div>\n\t\t\t\t<\/div>\n\t\t\t\t\t\t<\/div>\n\t\t\t\t<\/div>\n\t\t\t\t<\/div>\n\t\t<div class=\"elementor-element elementor-element-ec770ac e-flex e-con-boxed e-con e-parent\" data-id=\"ec770ac\" data-element_type=\"container\" data-e-type=\"container\">\n\t\t\t\t\t<div class=\"e-con-inner\">\n\t\t\t\t<div class=\"elementor-element elementor-element-b3b1692 elementor-widget elementor-widget-spacer\" data-id=\"b3b1692\" data-element_type=\"widget\" data-e-type=\"widget\" data-widget_type=\"spacer.default\">\n\t\t\t\t<div class=\"elementor-widget-container\">\n\t\t\t\t\t\t\t<div class=\"elementor-spacer\">\n\t\t\t<div class=\"elementor-spacer-inner\"><\/div>\n\t\t<\/div>\n\t\t\t\t\t\t<\/div>\n\t\t\t\t<\/div>\n\t\t\t\t\t<\/div>\n\t\t\t\t<\/div>\n\t\t<div class=\"elementor-element elementor-element-4a5dd04 e-flex e-con-boxed e-con e-parent\" data-id=\"4a5dd04\" data-element_type=\"container\" data-e-type=\"container\">\n\t\t\t\t\t<div class=\"e-con-inner\">\n\t\t\t\t<div class=\"elementor-element elementor-element-f3b1bec elementor-widget elementor-widget-breadcrumbs\" data-id=\"f3b1bec\" data-element_type=\"widget\" data-e-type=\"widget\" data-widget_type=\"breadcrumbs.default\">\n\t\t\t\t<div class=\"elementor-widget-container\">\n\t\t\t\t\t<p id=\"breadcrumbs\"><span><span><a href=\"https:\/\/villaalmare.com\/fr\/\">Home<\/a><\/span><\/span><\/p>\t\t\t\t<\/div>\n\t\t\t\t<\/div>\n\t\t\t\t\t<\/div>\n\t\t\t\t<\/div>\n\t\t<div class=\"elementor-element elementor-element-0237b03 e-flex e-con-boxed e-con e-parent\" data-id=\"0237b03\" data-element_type=\"container\" data-e-type=\"container\">\n\t\t\t\t\t<div class=\"e-con-inner\">\n\t\t\t\t<div class=\"elementor-element elementor-element-6681906 elementor-widget elementor-widget-shortcode\" data-id=\"6681906\" data-element_type=\"widget\" data-e-type=\"widget\" data-widget_type=\"shortcode.default\">\n\t\t\t\t<div class=\"elementor-widget-container\">\n\t\t\t\t\t\t\t<div class=\"elementor-shortcode\">\n\n<div class=\"chat-container\" id=\"chat-container\">\n    <div id=\"chat-header\">\n        <h2 class=\"gradient-text\">\n            Je vous aide \u00e0 trouver ce que vous cherchez<br>\n        <\/h2>\n    <\/div>\n    <div class=\"entry-chats-wrapper\" id=\"entry-chats-wrapper\">\n        <div class=\"entry-chat\">\n            R\u00e9server un logement pour ma famille            <div class=\"entry-chat-icon-wrap\">\n                <i class=\"fa-solid fa-people-roof entry-chat-icon\"><\/i>\n            <\/div>\n        <\/div>\n        <div class=\"entry-chat\">\n            D\u00e9couvrez nos emplacements            <div class=\"entry-chat-icon-wrap\">\n                <i class=\"fa-solid fa-caravan-simple entry-chat-icon\"><\/i>\n            <\/div>\n        <\/div>\n        <div class=\"entry-chat\">\n            D\u00e9couvrez tous nos services            <div class=\"entry-chat-icon-wrap\">\n                <i class=\"fa-solid fa-shop entry-chat-icon\"><\/i>\n            <\/div>\n        <\/div>\n        <div class=\"entry-chat\">\n            Explorer les environs du camping            <div class=\"entry-chat-icon-wrap\">\n                <i class=\"fa-solid fa-signs-post entry-chat-icon\"><\/i>\n            <\/div>\n        <\/div>\n    <\/div>\n    <div class=\"chat-box\" id=\"chat-box\"><\/div>\n    <div id=\"loading-indicator\" class=\"loading-conver hidden\">\n        <div class=\"dot\"><\/div>\n        <div class=\"dot\"><\/div>\n        <div class=\"dot\"><\/div>\n    <\/div>\n    <div class=\"input-area-conver\">\n        <input type=\"text\" id=\"user-input-conver\" placeholder=\"\u00c9crivez une demande ici...\">\n        <button id=\"send-btn-conver\">\n            <i class=\"fa-solid fa-arrow-up\"><\/i>\n        <\/button>\n    <\/div>\n<\/div><\/div>\n\t\t\t\t\t\t<\/div>\n\t\t\t\t<\/div>\n\t\t\t\t\t<\/div>\n\t\t\t\t<\/div>\n\t\t<div class=\"elementor-element elementor-element-aded946 e-flex e-con-boxed e-con e-parent\" data-id=\"aded946\" data-element_type=\"container\" data-e-type=\"container\">\n\t\t\t\t\t<div class=\"e-con-inner\">\n\t\t\t\t<div class=\"elementor-element elementor-element-74af4e5 elementor-widget elementor-widget-spacer\" data-id=\"74af4e5\" data-element_type=\"widget\" data-e-type=\"widget\" data-widget_type=\"spacer.default\">\n\t\t\t\t<div class=\"elementor-widget-container\">\n\t\t\t\t\t\t\t<div class=\"elementor-spacer\">\n\t\t\t<div class=\"elementor-spacer-inner\"><\/div>\n\t\t<\/div>\n\t\t\t\t\t\t<\/div>\n\t\t\t\t<\/div>\n\t\t\t\t\t<\/div>\n\t\t\t\t<\/div>\n\t\t\t\t<\/div>\n\t\t","protected":false},"excerpt":{"rendered":"","protected":false},"author":1,"featured_media":1423,"parent":0,"menu_order":0,"comment_status":"closed","ping_status":"closed","template":"","meta":{"_acf_changed":false,"footnotes":""},"class_list":["post-3416","page","type-page","status-publish","has-post-thumbnail","hentry"],"acf":[],"yoast_head":"<!-- This site is optimized with the Yoast SEO plugin v27.3 - https:\/\/yoast.com\/product\/yoast-seo-wordpress\/ -->\n<title>Trouvez les vacances parfaites gr\u00e2ce \u00e0 la recherche intelligente | Camping Villa al Mare<\/title>\n<meta name=\"description\" content=\"R\u00e9pondez \u00e0 quelques questions et trouvez en un instant la solution parfaite pour vos besoins. Essayez d\u00e8s maintenant !\" \/>\n<meta name=\"robots\" content=\"index, follow, max-snippet:-1, max-image-preview:large, max-video-preview:-1\" \/>\n<link rel=\"canonical\" href=\"https:\/\/villaalmare.com\/fr\/recherche-conversationnelle\/\" \/>\n<meta property=\"og:locale\" content=\"fr_FR\" \/>\n<meta property=\"og:type\" content=\"article\" \/>\n<meta property=\"og:title\" content=\"Trouvez les vacances parfaites gr\u00e2ce \u00e0 la recherche intelligente | Camping Villa al Mare\" \/>\n<meta property=\"og:description\" content=\"R\u00e9pondez \u00e0 quelques questions et trouvez en un instant la solution parfaite pour vos besoins. Essayez d\u00e8s maintenant !\" \/>\n<meta property=\"og:url\" content=\"https:\/\/villaalmare.com\/fr\/recherche-conversationnelle\/\" \/>\n<meta property=\"og:site_name\" content=\"Camping Villa al Mare\" \/>\n<meta property=\"article:modified_time\" content=\"2025-08-14T08:11:50+00:00\" \/>\n<meta property=\"og:image\" content=\"https:\/\/villaalmare.com\/wp-content\/uploads\/2025\/07\/Spiaggia-dorata-con-ombrelloni-blu.webp\" \/>\n\t<meta property=\"og:image:width\" content=\"1620\" \/>\n\t<meta property=\"og:image:height\" content=\"1080\" \/>\n\t<meta property=\"og:image:type\" content=\"image\/webp\" \/>\n<meta name=\"twitter:card\" content=\"summary_large_image\" \/>\n<meta name=\"twitter:label1\" content=\"Dur\u00e9e de lecture estim\u00e9e\" \/>\n\t<meta name=\"twitter:data1\" content=\"1 minute\" \/>\n<script type=\"application\/ld+json\" class=\"yoast-schema-graph\">{\"@context\":\"https:\\\/\\\/schema.org\",\"@graph\":[{\"@type\":\"WebPage\",\"@id\":\"https:\\\/\\\/villaalmare.com\\\/fr\\\/recherche-conversationnelle\\\/\",\"url\":\"https:\\\/\\\/villaalmare.com\\\/fr\\\/recherche-conversationnelle\\\/\",\"name\":\"Trouvez les vacances parfaites gr\u00e2ce \u00e0 la recherche intelligente | Camping Villa al Mare\",\"isPartOf\":{\"@id\":\"https:\\\/\\\/villaalmare.com\\\/fr\\\/#website\"},\"primaryImageOfPage\":{\"@id\":\"https:\\\/\\\/villaalmare.com\\\/fr\\\/recherche-conversationnelle\\\/#primaryimage\"},\"image\":{\"@id\":\"https:\\\/\\\/villaalmare.com\\\/fr\\\/recherche-conversationnelle\\\/#primaryimage\"},\"thumbnailUrl\":\"https:\\\/\\\/villaalmare.com\\\/wp-content\\\/uploads\\\/2025\\\/07\\\/Spiaggia-dorata-con-ombrelloni-blu.webp\",\"datePublished\":\"2025-06-12T09:33:11+00:00\",\"dateModified\":\"2025-08-14T08:11:50+00:00\",\"description\":\"R\u00e9pondez \u00e0 quelques questions et trouvez en un instant la solution parfaite pour vos besoins. Essayez d\u00e8s maintenant !\",\"breadcrumb\":{\"@id\":\"https:\\\/\\\/villaalmare.com\\\/fr\\\/recherche-conversationnelle\\\/#breadcrumb\"},\"inLanguage\":\"fr-FR\",\"potentialAction\":[{\"@type\":\"ReadAction\",\"target\":[\"https:\\\/\\\/villaalmare.com\\\/fr\\\/recherche-conversationnelle\\\/\"]}]},{\"@type\":\"ImageObject\",\"inLanguage\":\"fr-FR\",\"@id\":\"https:\\\/\\\/villaalmare.com\\\/fr\\\/recherche-conversationnelle\\\/#primaryimage\",\"url\":\"https:\\\/\\\/villaalmare.com\\\/wp-content\\\/uploads\\\/2025\\\/07\\\/Spiaggia-dorata-con-ombrelloni-blu.webp\",\"contentUrl\":\"https:\\\/\\\/villaalmare.com\\\/wp-content\\\/uploads\\\/2025\\\/07\\\/Spiaggia-dorata-con-ombrelloni-blu.webp\",\"width\":1620,\"height\":1080},{\"@type\":\"BreadcrumbList\",\"@id\":\"https:\\\/\\\/villaalmare.com\\\/fr\\\/recherche-conversationnelle\\\/#breadcrumb\",\"itemListElement\":[{\"@type\":\"ListItem\",\"position\":1,\"name\":\"Home\",\"item\":\"https:\\\/\\\/villaalmare.com\\\/fr\\\/\"},{\"@type\":\"ListItem\",\"position\":2,\"name\":\"Recherche conversationnelle\"}]},{\"@type\":\"WebSite\",\"@id\":\"https:\\\/\\\/villaalmare.com\\\/fr\\\/#website\",\"url\":\"https:\\\/\\\/villaalmare.com\\\/fr\\\/\",\"name\":\"Camping Villa al Mare\",\"description\":\"\",\"potentialAction\":[{\"@type\":\"SearchAction\",\"target\":{\"@type\":\"EntryPoint\",\"urlTemplate\":\"https:\\\/\\\/villaalmare.com\\\/fr\\\/?s={search_term_string}\"},\"query-input\":{\"@type\":\"PropertyValueSpecification\",\"valueRequired\":true,\"valueName\":\"search_term_string\"}}],\"inLanguage\":\"fr-FR\"}]}<\/script>\n<!-- \/ Yoast SEO plugin. -->","yoast_head_json":{"title":"Trouvez les vacances parfaites gr\u00e2ce \u00e0 la recherche intelligente | Camping Villa al Mare","description":"R\u00e9pondez \u00e0 quelques questions et trouvez en un instant la solution parfaite pour vos besoins. Essayez d\u00e8s maintenant !","robots":{"index":"index","follow":"follow","max-snippet":"max-snippet:-1","max-image-preview":"max-image-preview:large","max-video-preview":"max-video-preview:-1"},"canonical":"https:\/\/villaalmare.com\/fr\/recherche-conversationnelle\/","og_locale":"fr_FR","og_type":"article","og_title":"Trouvez les vacances parfaites gr\u00e2ce \u00e0 la recherche intelligente | Camping Villa al Mare","og_description":"R\u00e9pondez \u00e0 quelques questions et trouvez en un instant la solution parfaite pour vos besoins. Essayez d\u00e8s maintenant !","og_url":"https:\/\/villaalmare.com\/fr\/recherche-conversationnelle\/","og_site_name":"Camping Villa al Mare","article_modified_time":"2025-08-14T08:11:50+00:00","og_image":[{"width":1620,"height":1080,"url":"https:\/\/villaalmare.com\/wp-content\/uploads\/2025\/07\/Spiaggia-dorata-con-ombrelloni-blu.webp","type":"image\/webp"}],"twitter_card":"summary_large_image","twitter_misc":{"Dur\u00e9e de lecture estim\u00e9e":"1 minute"},"schema":{"@context":"https:\/\/schema.org","@graph":[{"@type":"WebPage","@id":"https:\/\/villaalmare.com\/fr\/recherche-conversationnelle\/","url":"https:\/\/villaalmare.com\/fr\/recherche-conversationnelle\/","name":"Trouvez les vacances parfaites gr\u00e2ce \u00e0 la recherche intelligente | Camping Villa al Mare","isPartOf":{"@id":"https:\/\/villaalmare.com\/fr\/#website"},"primaryImageOfPage":{"@id":"https:\/\/villaalmare.com\/fr\/recherche-conversationnelle\/#primaryimage"},"image":{"@id":"https:\/\/villaalmare.com\/fr\/recherche-conversationnelle\/#primaryimage"},"thumbnailUrl":"https:\/\/villaalmare.com\/wp-content\/uploads\/2025\/07\/Spiaggia-dorata-con-ombrelloni-blu.webp","datePublished":"2025-06-12T09:33:11+00:00","dateModified":"2025-08-14T08:11:50+00:00","description":"R\u00e9pondez \u00e0 quelques questions et trouvez en un instant la solution parfaite pour vos besoins. Essayez d\u00e8s maintenant !","breadcrumb":{"@id":"https:\/\/villaalmare.com\/fr\/recherche-conversationnelle\/#breadcrumb"},"inLanguage":"fr-FR","potentialAction":[{"@type":"ReadAction","target":["https:\/\/villaalmare.com\/fr\/recherche-conversationnelle\/"]}]},{"@type":"ImageObject","inLanguage":"fr-FR","@id":"https:\/\/villaalmare.com\/fr\/recherche-conversationnelle\/#primaryimage","url":"https:\/\/villaalmare.com\/wp-content\/uploads\/2025\/07\/Spiaggia-dorata-con-ombrelloni-blu.webp","contentUrl":"https:\/\/villaalmare.com\/wp-content\/uploads\/2025\/07\/Spiaggia-dorata-con-ombrelloni-blu.webp","width":1620,"height":1080},{"@type":"BreadcrumbList","@id":"https:\/\/villaalmare.com\/fr\/recherche-conversationnelle\/#breadcrumb","itemListElement":[{"@type":"ListItem","position":1,"name":"Home","item":"https:\/\/villaalmare.com\/fr\/"},{"@type":"ListItem","position":2,"name":"Recherche conversationnelle"}]},{"@type":"WebSite","@id":"https:\/\/villaalmare.com\/fr\/#website","url":"https:\/\/villaalmare.com\/fr\/","name":"Camping Villa al Mare","description":"","potentialAction":[{"@type":"SearchAction","target":{"@type":"EntryPoint","urlTemplate":"https:\/\/villaalmare.com\/fr\/?s={search_term_string}"},"query-input":{"@type":"PropertyValueSpecification","valueRequired":true,"valueName":"search_term_string"}}],"inLanguage":"fr-FR"}]}},"_links":{"self":[{"href":"https:\/\/villaalmare.com\/fr\/wp-json\/wp\/v2\/pages\/3416","targetHints":{"allow":["GET"]}}],"collection":[{"href":"https:\/\/villaalmare.com\/fr\/wp-json\/wp\/v2\/pages"}],"about":[{"href":"https:\/\/villaalmare.com\/fr\/wp-json\/wp\/v2\/types\/page"}],"author":[{"embeddable":true,"href":"https:\/\/villaalmare.com\/fr\/wp-json\/wp\/v2\/users\/1"}],"replies":[{"embeddable":true,"href":"https:\/\/villaalmare.com\/fr\/wp-json\/wp\/v2\/comments?post=3416"}],"version-history":[{"count":2,"href":"https:\/\/villaalmare.com\/fr\/wp-json\/wp\/v2\/pages\/3416\/revisions"}],"predecessor-version":[{"id":4012,"href":"https:\/\/villaalmare.com\/fr\/wp-json\/wp\/v2\/pages\/3416\/revisions\/4012"}],"wp:featuredmedia":[{"embeddable":true,"href":"https:\/\/villaalmare.com\/fr\/wp-json\/wp\/v2\/media\/1423"}],"wp:attachment":[{"href":"https:\/\/villaalmare.com\/fr\/wp-json\/wp\/v2\/media?parent=3416"}],"curies":[{"name":"wp","href":"https:\/\/api.w.org\/{rel}","templated":true}]}}