{"id":3403,"date":"2025-06-12T10:59:26","date_gmt":"2025-06-12T08:59:26","guid":{"rendered":"https:\/\/villaalmare.promoservicebeta.com\/por\/"},"modified":"2025-08-08T09:46:05","modified_gmt":"2025-08-08T07:46:05","slug":"por","status":"publish","type":"page","link":"https:\/\/villaalmare.com\/fr\/por\/","title":{"rendered":"POR"},"content":{"rendered":"\t\t<div data-elementor-type=\"wp-page\" data-elementor-id=\"3403\" class=\"elementor elementor-3403 elementor-634\" data-elementor-post-type=\"page\">\n\t\t\t\t<div class=\"elementor-element elementor-element-a6be34b e-con-full e-flex e-con e-parent\" data-id=\"a6be34b\" data-element_type=\"container\" data-e-type=\"container\">\n\t\t\t\t<div class=\"elementor-element elementor-element-1845456 elementor-widget elementor-widget-template\" data-id=\"1845456\" data-element_type=\"widget\" data-e-type=\"widget\" data-widget_type=\"template.default\">\n\t\t\t\t<div class=\"elementor-widget-container\">\n\t\t\t\t\t\t\t<div class=\"elementor-template\">\n\t\t\t\t\t<div data-elementor-type=\"section\" data-elementor-id=\"3564\" class=\"elementor elementor-3564 elementor-334 elementor-334\" data-elementor-post-type=\"elementor_library\">\n\t\t\t<div class=\"elementor-element elementor-element-33fec70b e-con-full site-hero-image e-flex e-con e-parent\" data-id=\"33fec70b\" data-element_type=\"container\" data-e-type=\"container\" data-settings=\"{&quot;background_background&quot;:&quot;classic&quot;}\">\n\t\t<div class=\"elementor-element elementor-element-144db223 e-flex e-con-boxed e-con e-child\" data-id=\"144db223\" data-element_type=\"container\" data-e-type=\"container\" data-settings=\"{&quot;background_background&quot;:&quot;classic&quot;}\">\n\t\t\t\t\t<div class=\"e-con-inner\">\n\t\t<div class=\"elementor-element elementor-element-3c9dfdb8 e-con-full elementor-hidden-desktop elementor-hidden-laptop elementor-hidden-tablet_extra elementor-hidden-tablet elementor-hidden-mobile e-flex e-con e-child\" data-id=\"3c9dfdb8\" data-element_type=\"container\" data-e-type=\"container\" data-settings=\"{&quot;background_background&quot;:&quot;classic&quot;}\">\n\t\t\t\t<div class=\"elementor-element elementor-element-787c67e4 elementor-widget__width-initial elementor-widget elementor-widget-shortcode\" data-id=\"787c67e4\" data-element_type=\"widget\" data-e-type=\"widget\" data-widget_type=\"shortcode.default\">\n\t\t\t\t<div class=\"elementor-widget-container\">\n\t\t\t\t\t\t\t<div class=\"elementor-shortcode\">[booking-form]\n        <\/div>\n\t\t\t\t\t\t<\/div>\n\t\t\t\t<\/div>\n\t\t\t\t<\/div>\n\t\t\t\t\t<\/div>\n\t\t\t\t<\/div>\n\t\t<div class=\"elementor-element elementor-element-453fd3d6 e-flex e-con-boxed e-con e-child\" data-id=\"453fd3d6\" data-element_type=\"container\" data-e-type=\"container\">\n\t\t\t\t\t<div class=\"e-con-inner\">\n\t\t\t\t<div class=\"elementor-element elementor-element-3c56d976 elementor-widget elementor-widget-heading\" data-id=\"3c56d976\" data-element_type=\"widget\" data-e-type=\"widget\" data-widget_type=\"heading.default\">\n\t\t\t\t<div class=\"elementor-widget-container\">\n\t\t\t\t\t<h1 class=\"elementor-heading-title elementor-size-default\">POR<\/h1>\t\t\t\t<\/div>\n\t\t\t\t<\/div>\n\t\t\t\t\t<\/div>\n\t\t\t\t<\/div>\n\t\t\t\t<\/div>\n\t\t\t\t<\/div>\n\t\t\t\t<\/div>\n\t\t\t\t\t\t<\/div>\n\t\t\t\t<\/div>\n\t\t\t\t<\/div>\n\t\t<div class=\"elementor-element elementor-element-797adad e-flex e-con-boxed e-con e-parent\" data-id=\"797adad\" data-element_type=\"container\" data-e-type=\"container\">\n\t\t\t\t\t<div class=\"e-con-inner\">\n\t\t\t\t<div class=\"elementor-element elementor-element-e549f00 elementor-widget elementor-widget-spacer\" data-id=\"e549f00\" data-element_type=\"widget\" data-e-type=\"widget\" data-widget_type=\"spacer.default\">\n\t\t\t\t<div class=\"elementor-widget-container\">\n\t\t\t\t\t\t\t<div class=\"elementor-spacer\">\n\t\t\t<div class=\"elementor-spacer-inner\"><\/div>\n\t\t<\/div>\n\t\t\t\t\t\t<\/div>\n\t\t\t\t<\/div>\n\t\t\t\t\t<\/div>\n\t\t\t\t<\/div>\n\t\t<div class=\"elementor-element elementor-element-c2cc6b3 e-flex e-con-boxed e-con e-parent\" data-id=\"c2cc6b3\" data-element_type=\"container\" data-e-type=\"container\">\n\t\t\t\t\t<div class=\"e-con-inner\">\n\t\t\t\t<div class=\"elementor-element elementor-element-c615997 elementor-widget elementor-widget-breadcrumbs\" data-id=\"c615997\" data-element_type=\"widget\" data-e-type=\"widget\" data-widget_type=\"breadcrumbs.default\">\n\t\t\t\t<div class=\"elementor-widget-container\">\n\t\t\t\t\t<p id=\"breadcrumbs\"><span><span><a href=\"https:\/\/villaalmare.com\/fr\/\">Home<\/a><\/span><\/span><\/p>\t\t\t\t<\/div>\n\t\t\t\t<\/div>\n\t\t\t\t\t<\/div>\n\t\t\t\t<\/div>\n\t\t<div class=\"elementor-element elementor-element-ffef4e3 e-flex e-con-boxed e-con e-parent\" data-id=\"ffef4e3\" data-element_type=\"container\" data-e-type=\"container\">\n\t\t\t\t\t<div class=\"e-con-inner\">\n\t\t\t\t<div class=\"elementor-element elementor-element-f26708e elementor-widget elementor-widget-heading\" data-id=\"f26708e\" data-element_type=\"widget\" data-e-type=\"widget\" data-widget_type=\"heading.default\">\n\t\t\t\t<div class=\"elementor-widget-container\">\n\t\t\t\t\t<h1 class=\"elementor-heading-title elementor-size-default\">Camping Villa al Mare, innovation pour le plein air\n        <\/h1>\t\t\t\t<\/div>\n\t\t\t\t<\/div>\n\t\t\t\t\t<\/div>\n\t\t\t\t<\/div>\n\t\t<div class=\"elementor-element elementor-element-117d12b e-flex e-con-boxed e-con e-parent\" data-id=\"117d12b\" data-element_type=\"container\" data-e-type=\"container\">\n\t\t\t\t\t<div class=\"e-con-inner\">\n\t\t\t\t<div class=\"elementor-element elementor-element-b9fd4e0 elementor-widget elementor-widget-spacer\" data-id=\"b9fd4e0\" data-element_type=\"widget\" data-e-type=\"widget\" data-widget_type=\"spacer.default\">\n\t\t\t\t<div class=\"elementor-widget-container\">\n\t\t\t\t\t\t\t<div class=\"elementor-spacer\">\n\t\t\t<div class=\"elementor-spacer-inner\"><\/div>\n\t\t<\/div>\n\t\t\t\t\t\t<\/div>\n\t\t\t\t<\/div>\n\t\t\t\t\t<\/div>\n\t\t\t\t<\/div>\n\t\t<div class=\"elementor-element elementor-element-b5547f6 e-flex e-con-boxed e-con e-parent\" data-id=\"b5547f6\" data-element_type=\"container\" data-e-type=\"container\">\n\t\t\t\t\t<div class=\"e-con-inner\">\n\t\t<div class=\"elementor-element elementor-element-7003ccf e-con-full e-flex e-con e-child\" data-id=\"7003ccf\" data-element_type=\"container\" data-e-type=\"container\">\n\t\t\t\t<div class=\"elementor-element elementor-element-ba96bc7 elementor-widget elementor-widget-text-editor\" data-id=\"ba96bc7\" data-element_type=\"widget\" data-e-type=\"widget\" data-widget_type=\"text-editor.default\">\n\t\t\t\t<div class=\"elementor-widget-container\">\n\t\t\t\t\t\t\t\t\t<p>Gr\u00e2ce \u00e0 ce projet, le camping \u00ab Villa al Mare \u00bb entend adapter sa structure aux nouvelles cat\u00e9gories de client\u00e8le et \u00e0 l&rsquo;\u00e9volution de la demande touristique, en pr\u00e9voyant des interventions visant \u00e0 am\u00e9liorer les services offerts, \u00e0 en cr\u00e9er de nouveaux, \u00e0 attirer de nouvelles cat\u00e9gories de clients et \u00e0 allonger la saisonnalit\u00e9, le tout dans le respect des exigences de durabilit\u00e9 environnementale.\n         Toute une s\u00e9rie d&rsquo;innovations num\u00e9riques ont \u00e9galement \u00e9t\u00e9 introduites, comme l&rsquo;installation de totems permettant aux clients d&rsquo;effectuer leur check-in et check-out de mani\u00e8re autonome, sans attendre leur tour \u00e0 la r\u00e9ception.\n        <\/p><p>Des innovations num\u00e9riques ont \u00e9galement \u00e9t\u00e9 introduites, telles que l&rsquo;installation de bornes permettant aux clients d&rsquo;effectuer leur check-in et leur check-out de mani\u00e8re autonome, sans avoir \u00e0 attendre leur tour \u00e0 la r\u00e9ception.\n        <br>Enfin, dans une logique de requalification des processus, visant \u00e0 contr\u00f4ler l&rsquo;impact de ses activit\u00e9s et \u00e0 accro\u00eetre la durabilit\u00e9, la propri\u00e9t\u00e9 suivra la proc\u00e9dure pour obtenir la certification Ecolabel.\n        <\/p><p>Mesure r\u00e9alis\u00e9e gr\u00e2ce au financement du POR &#8211; Objectif sp\u00e9cifique \u00ab Consolidation, modernisation et diversification des syst\u00e8mes de production territoriaux\u2014 Partie FESR Fonds europ\u00e9en de d\u00e9veloppement r\u00e9gional 2014-2020\n        <\/p><p>Ligne 3 \u00ab Comp\u00e9titivit\u00e9 des syst\u00e8mes de production \u00bb\n        <br>Action 3.3.4 \u00ab Aide \u00e0 la comp\u00e9titivit\u00e9 des entreprises dans les destinations touristiques, par des interventions visant \u00e0 am\u00e9liorer l&rsquo;offre et \u00e0 innover en mati\u00e8re de produits\/services, sur le plan strat\u00e9gique et organisationnel \u00bb &#8211; Sous-action C \u00ab Investissements innovants dans le secteur de l&rsquo;h\u00e9bergement touristique \u00bb\n        <\/p><p>Contribution de 352&nbsp;500,10 \u20ac sur un projet total de 1&nbsp;762&nbsp;500,49 \u20ac\n        <\/p>\t\t\t\t\t\t\t\t<\/div>\n\t\t\t\t<\/div>\n\t\t\t\t<\/div>\n\t\t<div class=\"elementor-element elementor-element-ee1ab35 e-con-full e-flex e-con e-child\" data-id=\"ee1ab35\" data-element_type=\"container\" data-e-type=\"container\">\n\t\t\t\t<div class=\"elementor-element elementor-element-78ac9d9 elementor-widget elementor-widget-image\" data-id=\"78ac9d9\" data-element_type=\"widget\" data-e-type=\"widget\" data-widget_type=\"image.default\">\n\t\t\t\t<div class=\"elementor-widget-container\">\n\t\t\t\t\t\t\t\t\t\t\t\t\t\t\t<img fetchpriority=\"high\" decoding=\"async\" width=\"359\" height=\"391\" src=\"https:\/\/villaalmare.com\/wp-content\/uploads\/2025\/06\/por_veneto_logo-positivo-colori.png\" class=\"attachment-large size-large wp-image-638\" alt=\"\" srcset=\"https:\/\/villaalmare.com\/wp-content\/uploads\/2025\/06\/por_veneto_logo-positivo-colori.png 359w, https:\/\/villaalmare.com\/wp-content\/uploads\/2025\/06\/por_veneto_logo-positivo-colori-275x300.png 275w\" sizes=\"(max-width: 359px) 100vw, 359px\" \/>\t\t\t\t\t\t\t\t\t\t\t\t\t\t\t<\/div>\n\t\t\t\t<\/div>\n\t\t\t\t<\/div>\n\t\t\t\t\t<\/div>\n\t\t\t\t<\/div>\n\t\t<div class=\"elementor-element elementor-element-004c060 e-flex e-con-boxed e-con e-parent\" data-id=\"004c060\" data-element_type=\"container\" data-e-type=\"container\">\n\t\t\t\t\t<div class=\"e-con-inner\">\n\t\t\t\t<div class=\"elementor-element elementor-element-343e211 elementor-widget elementor-widget-spacer\" data-id=\"343e211\" data-element_type=\"widget\" data-e-type=\"widget\" data-widget_type=\"spacer.default\">\n\t\t\t\t<div class=\"elementor-widget-container\">\n\t\t\t\t\t\t\t<div class=\"elementor-spacer\">\n\t\t\t<div class=\"elementor-spacer-inner\"><\/div>\n\t\t<\/div>\n\t\t\t\t\t\t<\/div>\n\t\t\t\t<\/div>\n\t\t\t\t\t<\/div>\n\t\t\t\t<\/div>\n\t\t\t\t<\/div>\n\t\t","protected":false},"excerpt":{"rendered":"<p>Camping Villa al Mare, innovation pour le plein air Gr\u00e2ce \u00e0 ce projet, le camping \u00ab Villa al Mare \u00bb entend adapter sa structure aux nouvelles cat\u00e9gories de client\u00e8le et \u00e0 l&rsquo;\u00e9volution de la demande touristique, en pr\u00e9voyant des interventions visant \u00e0 am\u00e9liorer les services offerts, \u00e0 en cr\u00e9er de nouveaux, \u00e0 attirer de nouvelles [&hellip;]<\/p>\n","protected":false},"author":1,"featured_media":2415,"parent":0,"menu_order":0,"comment_status":"closed","ping_status":"closed","template":"","meta":{"_acf_changed":false,"footnotes":""},"class_list":["post-3403","page","type-page","status-publish","has-post-thumbnail","hentry"],"acf":[],"yoast_head":"<!-- This site is optimized with the Yoast SEO plugin v27.3 - https:\/\/yoast.com\/product\/yoast-seo-wordpress\/ -->\n<title>POR - Camping Villa al Mare<\/title>\n<meta name=\"robots\" content=\"index, follow, max-snippet:-1, max-image-preview:large, max-video-preview:-1\" \/>\n<link rel=\"canonical\" href=\"https:\/\/villaalmare.com\/fr\/por\/\" \/>\n<meta property=\"og:locale\" content=\"fr_FR\" \/>\n<meta property=\"og:type\" content=\"article\" \/>\n<meta property=\"og:title\" content=\"POR - Camping Villa al Mare\" \/>\n<meta property=\"og:description\" content=\"Camping Villa al Mare, innovation pour le plein air Gr\u00e2ce \u00e0 ce projet, le camping \u00ab Villa al Mare \u00bb entend adapter sa structure aux nouvelles cat\u00e9gories de client\u00e8le et \u00e0 l&rsquo;\u00e9volution de la demande touristique, en pr\u00e9voyant des interventions visant \u00e0 am\u00e9liorer les services offerts, \u00e0 en cr\u00e9er de nouveaux, \u00e0 attirer de nouvelles [&hellip;]\" \/>\n<meta property=\"og:url\" content=\"https:\/\/villaalmare.com\/fr\/por\/\" \/>\n<meta property=\"og:site_name\" content=\"Camping Villa al Mare\" \/>\n<meta property=\"article:modified_time\" content=\"2025-08-08T07:46:05+00:00\" \/>\n<meta property=\"og:image\" content=\"https:\/\/villaalmare.com\/wp-content\/uploads\/2025\/07\/Ingresso-Camping-Villa-al-Mare.webp\" \/>\n\t<meta property=\"og:image:width\" content=\"1620\" \/>\n\t<meta property=\"og:image:height\" content=\"1080\" \/>\n\t<meta property=\"og:image:type\" content=\"image\/webp\" \/>\n<meta name=\"twitter:card\" content=\"summary_large_image\" \/>\n<meta name=\"twitter:label1\" content=\"Dur\u00e9e de lecture estim\u00e9e\" \/>\n\t<meta name=\"twitter:data1\" content=\"1 minute\" \/>\n<script type=\"application\/ld+json\" class=\"yoast-schema-graph\">{\"@context\":\"https:\\\/\\\/schema.org\",\"@graph\":[{\"@type\":\"WebPage\",\"@id\":\"https:\\\/\\\/villaalmare.com\\\/fr\\\/por\\\/\",\"url\":\"https:\\\/\\\/villaalmare.com\\\/fr\\\/por\\\/\",\"name\":\"POR - Camping Villa al Mare\",\"isPartOf\":{\"@id\":\"https:\\\/\\\/villaalmare.com\\\/fr\\\/#website\"},\"primaryImageOfPage\":{\"@id\":\"https:\\\/\\\/villaalmare.com\\\/fr\\\/por\\\/#primaryimage\"},\"image\":{\"@id\":\"https:\\\/\\\/villaalmare.com\\\/fr\\\/por\\\/#primaryimage\"},\"thumbnailUrl\":\"https:\\\/\\\/villaalmare.com\\\/wp-content\\\/uploads\\\/2025\\\/07\\\/Ingresso-Camping-Villa-al-Mare.webp\",\"datePublished\":\"2025-06-12T08:59:26+00:00\",\"dateModified\":\"2025-08-08T07:46:05+00:00\",\"breadcrumb\":{\"@id\":\"https:\\\/\\\/villaalmare.com\\\/fr\\\/por\\\/#breadcrumb\"},\"inLanguage\":\"fr-FR\",\"potentialAction\":[{\"@type\":\"ReadAction\",\"target\":[\"https:\\\/\\\/villaalmare.com\\\/fr\\\/por\\\/\"]}]},{\"@type\":\"ImageObject\",\"inLanguage\":\"fr-FR\",\"@id\":\"https:\\\/\\\/villaalmare.com\\\/fr\\\/por\\\/#primaryimage\",\"url\":\"https:\\\/\\\/villaalmare.com\\\/wp-content\\\/uploads\\\/2025\\\/07\\\/Ingresso-Camping-Villa-al-Mare.webp\",\"contentUrl\":\"https:\\\/\\\/villaalmare.com\\\/wp-content\\\/uploads\\\/2025\\\/07\\\/Ingresso-Camping-Villa-al-Mare.webp\",\"width\":1620,\"height\":1080},{\"@type\":\"BreadcrumbList\",\"@id\":\"https:\\\/\\\/villaalmare.com\\\/fr\\\/por\\\/#breadcrumb\",\"itemListElement\":[{\"@type\":\"ListItem\",\"position\":1,\"name\":\"Home\",\"item\":\"https:\\\/\\\/villaalmare.com\\\/fr\\\/\"},{\"@type\":\"ListItem\",\"position\":2,\"name\":\"POR\"}]},{\"@type\":\"WebSite\",\"@id\":\"https:\\\/\\\/villaalmare.com\\\/fr\\\/#website\",\"url\":\"https:\\\/\\\/villaalmare.com\\\/fr\\\/\",\"name\":\"Camping Villa al Mare\",\"description\":\"\",\"potentialAction\":[{\"@type\":\"SearchAction\",\"target\":{\"@type\":\"EntryPoint\",\"urlTemplate\":\"https:\\\/\\\/villaalmare.com\\\/fr\\\/?s={search_term_string}\"},\"query-input\":{\"@type\":\"PropertyValueSpecification\",\"valueRequired\":true,\"valueName\":\"search_term_string\"}}],\"inLanguage\":\"fr-FR\"}]}<\/script>\n<!-- \/ Yoast SEO plugin. -->","yoast_head_json":{"title":"POR - Camping Villa al Mare","robots":{"index":"index","follow":"follow","max-snippet":"max-snippet:-1","max-image-preview":"max-image-preview:large","max-video-preview":"max-video-preview:-1"},"canonical":"https:\/\/villaalmare.com\/fr\/por\/","og_locale":"fr_FR","og_type":"article","og_title":"POR - Camping Villa al Mare","og_description":"Camping Villa al Mare, innovation pour le plein air Gr\u00e2ce \u00e0 ce projet, le camping \u00ab Villa al Mare \u00bb entend adapter sa structure aux nouvelles cat\u00e9gories de client\u00e8le et \u00e0 l&rsquo;\u00e9volution de la demande touristique, en pr\u00e9voyant des interventions visant \u00e0 am\u00e9liorer les services offerts, \u00e0 en cr\u00e9er de nouveaux, \u00e0 attirer de nouvelles [&hellip;]","og_url":"https:\/\/villaalmare.com\/fr\/por\/","og_site_name":"Camping Villa al Mare","article_modified_time":"2025-08-08T07:46:05+00:00","og_image":[{"width":1620,"height":1080,"url":"https:\/\/villaalmare.com\/wp-content\/uploads\/2025\/07\/Ingresso-Camping-Villa-al-Mare.webp","type":"image\/webp"}],"twitter_card":"summary_large_image","twitter_misc":{"Dur\u00e9e de lecture estim\u00e9e":"1 minute"},"schema":{"@context":"https:\/\/schema.org","@graph":[{"@type":"WebPage","@id":"https:\/\/villaalmare.com\/fr\/por\/","url":"https:\/\/villaalmare.com\/fr\/por\/","name":"POR - Camping Villa al Mare","isPartOf":{"@id":"https:\/\/villaalmare.com\/fr\/#website"},"primaryImageOfPage":{"@id":"https:\/\/villaalmare.com\/fr\/por\/#primaryimage"},"image":{"@id":"https:\/\/villaalmare.com\/fr\/por\/#primaryimage"},"thumbnailUrl":"https:\/\/villaalmare.com\/wp-content\/uploads\/2025\/07\/Ingresso-Camping-Villa-al-Mare.webp","datePublished":"2025-06-12T08:59:26+00:00","dateModified":"2025-08-08T07:46:05+00:00","breadcrumb":{"@id":"https:\/\/villaalmare.com\/fr\/por\/#breadcrumb"},"inLanguage":"fr-FR","potentialAction":[{"@type":"ReadAction","target":["https:\/\/villaalmare.com\/fr\/por\/"]}]},{"@type":"ImageObject","inLanguage":"fr-FR","@id":"https:\/\/villaalmare.com\/fr\/por\/#primaryimage","url":"https:\/\/villaalmare.com\/wp-content\/uploads\/2025\/07\/Ingresso-Camping-Villa-al-Mare.webp","contentUrl":"https:\/\/villaalmare.com\/wp-content\/uploads\/2025\/07\/Ingresso-Camping-Villa-al-Mare.webp","width":1620,"height":1080},{"@type":"BreadcrumbList","@id":"https:\/\/villaalmare.com\/fr\/por\/#breadcrumb","itemListElement":[{"@type":"ListItem","position":1,"name":"Home","item":"https:\/\/villaalmare.com\/fr\/"},{"@type":"ListItem","position":2,"name":"POR"}]},{"@type":"WebSite","@id":"https:\/\/villaalmare.com\/fr\/#website","url":"https:\/\/villaalmare.com\/fr\/","name":"Camping Villa al Mare","description":"","potentialAction":[{"@type":"SearchAction","target":{"@type":"EntryPoint","urlTemplate":"https:\/\/villaalmare.com\/fr\/?s={search_term_string}"},"query-input":{"@type":"PropertyValueSpecification","valueRequired":true,"valueName":"search_term_string"}}],"inLanguage":"fr-FR"}]}},"_links":{"self":[{"href":"https:\/\/villaalmare.com\/fr\/wp-json\/wp\/v2\/pages\/3403","targetHints":{"allow":["GET"]}}],"collection":[{"href":"https:\/\/villaalmare.com\/fr\/wp-json\/wp\/v2\/pages"}],"about":[{"href":"https:\/\/villaalmare.com\/fr\/wp-json\/wp\/v2\/types\/page"}],"author":[{"embeddable":true,"href":"https:\/\/villaalmare.com\/fr\/wp-json\/wp\/v2\/users\/1"}],"replies":[{"embeddable":true,"href":"https:\/\/villaalmare.com\/fr\/wp-json\/wp\/v2\/comments?post=3403"}],"version-history":[{"count":2,"href":"https:\/\/villaalmare.com\/fr\/wp-json\/wp\/v2\/pages\/3403\/revisions"}],"predecessor-version":[{"id":3952,"href":"https:\/\/villaalmare.com\/fr\/wp-json\/wp\/v2\/pages\/3403\/revisions\/3952"}],"wp:featuredmedia":[{"embeddable":true,"href":"https:\/\/villaalmare.com\/fr\/wp-json\/wp\/v2\/media\/2415"}],"wp:attachment":[{"href":"https:\/\/villaalmare.com\/fr\/wp-json\/wp\/v2\/media?parent=3403"}],"curies":[{"name":"wp","href":"https:\/\/api.w.org\/{rel}","templated":true}]}}