{"id":3409,"date":"2025-06-12T10:59:26","date_gmt":"2025-06-12T08:59:26","guid":{"rendered":"https:\/\/villaalmare.promoservicebeta.com\/por\/"},"modified":"2025-08-08T09:44:38","modified_gmt":"2025-08-08T07:44:38","slug":"por","status":"publish","type":"page","link":"https:\/\/villaalmare.com\/de\/por\/","title":{"rendered":"POR"},"content":{"rendered":"\t\t<div data-elementor-type=\"wp-page\" data-elementor-id=\"3409\" class=\"elementor elementor-3409 elementor-634\" data-elementor-post-type=\"page\">\n\t\t\t\t<div class=\"elementor-element elementor-element-398aaff e-con-full e-flex e-con e-parent\" data-id=\"398aaff\" data-element_type=\"container\" data-e-type=\"container\">\n\t\t\t\t<div class=\"elementor-element elementor-element-8cd99cc elementor-widget elementor-widget-template\" data-id=\"8cd99cc\" data-element_type=\"widget\" data-e-type=\"widget\" data-widget_type=\"template.default\">\n\t\t\t\t<div class=\"elementor-widget-container\">\n\t\t\t\t\t\t\t<div class=\"elementor-template\">\n\t\t\t\t\t<div data-elementor-type=\"section\" data-elementor-id=\"3569\" class=\"elementor elementor-3569 elementor-334 elementor-334\" data-elementor-post-type=\"elementor_library\">\n\t\t\t<div class=\"elementor-element elementor-element-33fec70b e-con-full site-hero-image e-flex e-con e-parent\" data-id=\"33fec70b\" data-element_type=\"container\" data-e-type=\"container\" data-settings=\"{&quot;background_background&quot;:&quot;classic&quot;}\">\n\t\t<div class=\"elementor-element elementor-element-144db223 e-flex e-con-boxed e-con e-child\" data-id=\"144db223\" data-element_type=\"container\" data-e-type=\"container\" data-settings=\"{&quot;background_background&quot;:&quot;classic&quot;}\">\n\t\t\t\t\t<div class=\"e-con-inner\">\n\t\t<div class=\"elementor-element elementor-element-3c9dfdb8 e-con-full elementor-hidden-desktop elementor-hidden-laptop elementor-hidden-tablet_extra elementor-hidden-tablet elementor-hidden-mobile e-flex e-con e-child\" data-id=\"3c9dfdb8\" data-element_type=\"container\" data-e-type=\"container\" data-settings=\"{&quot;background_background&quot;:&quot;classic&quot;}\">\n\t\t\t\t<div class=\"elementor-element elementor-element-787c67e4 elementor-widget__width-initial elementor-widget elementor-widget-shortcode\" data-id=\"787c67e4\" data-element_type=\"widget\" data-e-type=\"widget\" data-widget_type=\"shortcode.default\">\n\t\t\t\t<div class=\"elementor-widget-container\">\n\t\t\t\t\t\t\t<div class=\"elementor-shortcode\">[booking-form]\n        <\/div>\n\t\t\t\t\t\t<\/div>\n\t\t\t\t<\/div>\n\t\t\t\t<\/div>\n\t\t\t\t\t<\/div>\n\t\t\t\t<\/div>\n\t\t<div class=\"elementor-element elementor-element-453fd3d6 e-flex e-con-boxed e-con e-child\" data-id=\"453fd3d6\" data-element_type=\"container\" data-e-type=\"container\">\n\t\t\t\t\t<div class=\"e-con-inner\">\n\t\t\t\t<div class=\"elementor-element elementor-element-3c56d976 elementor-widget elementor-widget-heading\" data-id=\"3c56d976\" data-element_type=\"widget\" data-e-type=\"widget\" data-widget_type=\"heading.default\">\n\t\t\t\t<div class=\"elementor-widget-container\">\n\t\t\t\t\t<h1 class=\"elementor-heading-title elementor-size-default\">POR<\/h1>\t\t\t\t<\/div>\n\t\t\t\t<\/div>\n\t\t\t\t\t<\/div>\n\t\t\t\t<\/div>\n\t\t\t\t<\/div>\n\t\t\t\t<\/div>\n\t\t\t\t<\/div>\n\t\t\t\t\t\t<\/div>\n\t\t\t\t<\/div>\n\t\t\t\t<\/div>\n\t\t<div class=\"elementor-element elementor-element-797adad e-flex e-con-boxed e-con e-parent\" data-id=\"797adad\" data-element_type=\"container\" data-e-type=\"container\">\n\t\t\t\t\t<div class=\"e-con-inner\">\n\t\t\t\t<div class=\"elementor-element elementor-element-e549f00 elementor-widget elementor-widget-spacer\" data-id=\"e549f00\" data-element_type=\"widget\" data-e-type=\"widget\" data-widget_type=\"spacer.default\">\n\t\t\t\t<div class=\"elementor-widget-container\">\n\t\t\t\t\t\t\t<div class=\"elementor-spacer\">\n\t\t\t<div class=\"elementor-spacer-inner\"><\/div>\n\t\t<\/div>\n\t\t\t\t\t\t<\/div>\n\t\t\t\t<\/div>\n\t\t\t\t\t<\/div>\n\t\t\t\t<\/div>\n\t\t<div class=\"elementor-element elementor-element-c2cc6b3 e-flex e-con-boxed e-con e-parent\" data-id=\"c2cc6b3\" data-element_type=\"container\" data-e-type=\"container\">\n\t\t\t\t\t<div class=\"e-con-inner\">\n\t\t\t\t<div class=\"elementor-element elementor-element-c615997 elementor-widget elementor-widget-breadcrumbs\" data-id=\"c615997\" data-element_type=\"widget\" data-e-type=\"widget\" data-widget_type=\"breadcrumbs.default\">\n\t\t\t\t<div class=\"elementor-widget-container\">\n\t\t\t\t\t<p id=\"breadcrumbs\"><span><span><a href=\"https:\/\/villaalmare.com\/de\/\">Home<\/a><\/span><\/span><\/p>\t\t\t\t<\/div>\n\t\t\t\t<\/div>\n\t\t\t\t\t<\/div>\n\t\t\t\t<\/div>\n\t\t<div class=\"elementor-element elementor-element-ffef4e3 e-flex e-con-boxed e-con e-parent\" data-id=\"ffef4e3\" data-element_type=\"container\" data-e-type=\"container\">\n\t\t\t\t\t<div class=\"e-con-inner\">\n\t\t\t\t<div class=\"elementor-element elementor-element-f26708e elementor-widget elementor-widget-heading\" data-id=\"f26708e\" data-element_type=\"widget\" data-e-type=\"widget\" data-widget_type=\"heading.default\">\n\t\t\t\t<div class=\"elementor-widget-container\">\n\t\t\t\t\t<h1 class=\"elementor-heading-title elementor-size-default\">Camping Villa al Mare, Innovation f\u00fcr den Outdoor-Bereich\n        <\/h1>\t\t\t\t<\/div>\n\t\t\t\t<\/div>\n\t\t\t\t\t<\/div>\n\t\t\t\t<\/div>\n\t\t<div class=\"elementor-element elementor-element-117d12b e-flex e-con-boxed e-con e-parent\" data-id=\"117d12b\" data-element_type=\"container\" data-e-type=\"container\">\n\t\t\t\t\t<div class=\"e-con-inner\">\n\t\t\t\t<div class=\"elementor-element elementor-element-b9fd4e0 elementor-widget elementor-widget-spacer\" data-id=\"b9fd4e0\" data-element_type=\"widget\" data-e-type=\"widget\" data-widget_type=\"spacer.default\">\n\t\t\t\t<div class=\"elementor-widget-container\">\n\t\t\t\t\t\t\t<div class=\"elementor-spacer\">\n\t\t\t<div class=\"elementor-spacer-inner\"><\/div>\n\t\t<\/div>\n\t\t\t\t\t\t<\/div>\n\t\t\t\t<\/div>\n\t\t\t\t\t<\/div>\n\t\t\t\t<\/div>\n\t\t<div class=\"elementor-element elementor-element-b5547f6 e-flex e-con-boxed e-con e-parent\" data-id=\"b5547f6\" data-element_type=\"container\" data-e-type=\"container\">\n\t\t\t\t\t<div class=\"e-con-inner\">\n\t\t<div class=\"elementor-element elementor-element-7003ccf e-con-full e-flex e-con e-child\" data-id=\"7003ccf\" data-element_type=\"container\" data-e-type=\"container\">\n\t\t\t\t<div class=\"elementor-element elementor-element-ba96bc7 elementor-widget elementor-widget-text-editor\" data-id=\"ba96bc7\" data-element_type=\"widget\" data-e-type=\"widget\" data-widget_type=\"text-editor.default\">\n\t\t\t\t<div class=\"elementor-widget-container\">\n\t\t\t\t\t\t\t\t\t<p>Der Camping \u201eVilla al Mare\u201d m\u00f6chte mit diesem Projekt seine Anlage an neue Zielgruppen und die Entwicklung der touristischen Nachfrage anpassen. Dazu sind Ma\u00dfnahmen zur Verbesserung der angebotenen Dienstleistungen, zur Schaffung neuer Angebote, zur Gewinnung neuer Kundengruppen und zur Verl\u00e4ngerung der Saison vorgesehen, die alle den Anforderungen der \u00f6kologischen Nachhaltigkeit entsprechen.\n         Die wichtigsten realisierten Arbeiten sind: Bau einer neuen Rezeption und eines neuen Supermarkts in Biobauweise mit Photovoltaikanlage, Einrichtung eines Parkplatzes f\u00fcr Kurzzeitparker (Check-in und Check-out), Bau einer Tiefgarage mit neuem Aufzug, der auch f\u00fcr Menschen mit Behinderungen zug\u00e4nglich ist, Bau eines Regenwasserauffangbeckens zur Einsparung von Wasser f\u00fcr die Bew\u00e4sserung.\n        <\/p><p>Es wurden auch digitale Innovationen eingef\u00fchrt, wie die Installation von Totems, an denen die Kunden selbstst\u00e4ndig ein- und auschecken k\u00f6nnen, ohne an der Rezeption warten zu m\u00fcssen.\n        <br>Schlie\u00dflich wird die Eigent\u00fcmerin im Rahmen einer Prozessoptimierung, die darauf abzielt, die Auswirkungen ihrer Aktivit\u00e4ten zu kontrollieren und die Nachhaltigkeit zu erh\u00f6hen, den Weg zur Erlangung der Ecolabel-Zertifizierung beschreiten.\n        <\/p><p>Das Projekt wurde mit Mitteln aus dem POR \u2013 Spezifisches Ziel \u201eKonsolidierung, Modernisierung und Diversifizierung der territorialen Produktionssysteme\u201d \u2013 Teil FESR Europ\u00e4ischer Fonds f\u00fcr regionale Entwicklung 2014-2020\n        <\/p><p>Schwerpunkt 3\u201d Wettbewerbsf\u00e4higkeit der Produktionssysteme\n        <br>Ma\u00dfnahme 3.3.4 \u201eF\u00f6rderung der Wettbewerbsf\u00e4higkeit von Unternehmen in Tourismusdestinationen durch Ma\u00dfnahmen zur Qualifizierung des Angebots und zur strategischen und organisatorischen Innovation von Produkten\/Dienstleistungen\u201d \u2013 Unterma\u00dfnahme C \u201eInnovative Investitionen im Beherbergungssektor\u201d\n        <\/p><p>F\u00f6rderbetrag von 352.500,10 \u20ac bei einem Gesamtprojektvolumen von 1.762.500,49 \u20ac\n        <\/p>\t\t\t\t\t\t\t\t<\/div>\n\t\t\t\t<\/div>\n\t\t\t\t<\/div>\n\t\t<div class=\"elementor-element elementor-element-ee1ab35 e-con-full e-flex e-con e-child\" data-id=\"ee1ab35\" data-element_type=\"container\" data-e-type=\"container\">\n\t\t\t\t<div class=\"elementor-element elementor-element-78ac9d9 elementor-widget elementor-widget-image\" data-id=\"78ac9d9\" data-element_type=\"widget\" data-e-type=\"widget\" data-widget_type=\"image.default\">\n\t\t\t\t<div class=\"elementor-widget-container\">\n\t\t\t\t\t\t\t\t\t\t\t\t\t\t\t<img fetchpriority=\"high\" decoding=\"async\" width=\"359\" height=\"391\" src=\"https:\/\/villaalmare.com\/wp-content\/uploads\/2025\/06\/por_veneto_logo-positivo-colori.png\" class=\"attachment-large size-large wp-image-639\" alt=\"\" srcset=\"https:\/\/villaalmare.com\/wp-content\/uploads\/2025\/06\/por_veneto_logo-positivo-colori.png 359w, https:\/\/villaalmare.com\/wp-content\/uploads\/2025\/06\/por_veneto_logo-positivo-colori-275x300.png 275w\" sizes=\"(max-width: 359px) 100vw, 359px\" \/>\t\t\t\t\t\t\t\t\t\t\t\t\t\t\t<\/div>\n\t\t\t\t<\/div>\n\t\t\t\t<\/div>\n\t\t\t\t\t<\/div>\n\t\t\t\t<\/div>\n\t\t<div class=\"elementor-element elementor-element-004c060 e-flex e-con-boxed e-con e-parent\" data-id=\"004c060\" data-element_type=\"container\" data-e-type=\"container\">\n\t\t\t\t\t<div class=\"e-con-inner\">\n\t\t\t\t<div class=\"elementor-element elementor-element-343e211 elementor-widget elementor-widget-spacer\" data-id=\"343e211\" data-element_type=\"widget\" data-e-type=\"widget\" data-widget_type=\"spacer.default\">\n\t\t\t\t<div class=\"elementor-widget-container\">\n\t\t\t\t\t\t\t<div class=\"elementor-spacer\">\n\t\t\t<div class=\"elementor-spacer-inner\"><\/div>\n\t\t<\/div>\n\t\t\t\t\t\t<\/div>\n\t\t\t\t<\/div>\n\t\t\t\t\t<\/div>\n\t\t\t\t<\/div>\n\t\t\t\t<\/div>\n\t\t","protected":false},"excerpt":{"rendered":"<p>Camping Villa al Mare, Innovation f\u00fcr den Outdoor-Bereich Der Camping \u201eVilla al Mare\u201d m\u00f6chte mit diesem Projekt seine Anlage an neue Zielgruppen und die Entwicklung der touristischen Nachfrage anpassen. Dazu sind Ma\u00dfnahmen zur Verbesserung der angebotenen Dienstleistungen, zur Schaffung neuer Angebote, zur Gewinnung neuer Kundengruppen und zur Verl\u00e4ngerung der Saison vorgesehen, die alle den Anforderungen [&hellip;]<\/p>\n","protected":false},"author":1,"featured_media":2416,"parent":0,"menu_order":0,"comment_status":"closed","ping_status":"closed","template":"","meta":{"_acf_changed":false,"footnotes":""},"class_list":["post-3409","page","type-page","status-publish","has-post-thumbnail","hentry"],"acf":[],"yoast_head":"<!-- This site is optimized with the Yoast SEO plugin v27.3 - https:\/\/yoast.com\/product\/yoast-seo-wordpress\/ -->\n<title>POR - Camping Villa al Mare<\/title>\n<meta name=\"robots\" content=\"index, follow, max-snippet:-1, max-image-preview:large, max-video-preview:-1\" \/>\n<link rel=\"canonical\" href=\"https:\/\/villaalmare.com\/de\/por\/\" \/>\n<meta property=\"og:locale\" content=\"de_DE\" \/>\n<meta property=\"og:type\" content=\"article\" \/>\n<meta property=\"og:title\" content=\"POR - Camping Villa al Mare\" \/>\n<meta property=\"og:description\" content=\"Camping Villa al Mare, Innovation f\u00fcr den Outdoor-Bereich Der Camping \u201eVilla al Mare\u201d m\u00f6chte mit diesem Projekt seine Anlage an neue Zielgruppen und die Entwicklung der touristischen Nachfrage anpassen. Dazu sind Ma\u00dfnahmen zur Verbesserung der angebotenen Dienstleistungen, zur Schaffung neuer Angebote, zur Gewinnung neuer Kundengruppen und zur Verl\u00e4ngerung der Saison vorgesehen, die alle den Anforderungen [&hellip;]\" \/>\n<meta property=\"og:url\" content=\"https:\/\/villaalmare.com\/de\/por\/\" \/>\n<meta property=\"og:site_name\" content=\"Camping Villa al Mare\" \/>\n<meta property=\"article:modified_time\" content=\"2025-08-08T07:44:38+00:00\" \/>\n<meta property=\"og:image\" content=\"https:\/\/villaalmare.com\/wp-content\/uploads\/2025\/07\/Ingresso-Camping-Villa-al-Mare.webp\" \/>\n\t<meta property=\"og:image:width\" content=\"1620\" \/>\n\t<meta property=\"og:image:height\" content=\"1080\" \/>\n\t<meta property=\"og:image:type\" content=\"image\/webp\" \/>\n<meta name=\"twitter:card\" content=\"summary_large_image\" \/>\n<meta name=\"twitter:label1\" content=\"Gesch\u00e4tzte Lesezeit\" \/>\n\t<meta name=\"twitter:data1\" content=\"2\u00a0Minuten\" \/>\n<script type=\"application\/ld+json\" class=\"yoast-schema-graph\">{\"@context\":\"https:\\\/\\\/schema.org\",\"@graph\":[{\"@type\":\"WebPage\",\"@id\":\"https:\\\/\\\/villaalmare.com\\\/de\\\/por\\\/\",\"url\":\"https:\\\/\\\/villaalmare.com\\\/de\\\/por\\\/\",\"name\":\"POR - Camping Villa al Mare\",\"isPartOf\":{\"@id\":\"https:\\\/\\\/villaalmare.com\\\/de\\\/#website\"},\"primaryImageOfPage\":{\"@id\":\"https:\\\/\\\/villaalmare.com\\\/de\\\/por\\\/#primaryimage\"},\"image\":{\"@id\":\"https:\\\/\\\/villaalmare.com\\\/de\\\/por\\\/#primaryimage\"},\"thumbnailUrl\":\"https:\\\/\\\/villaalmare.com\\\/wp-content\\\/uploads\\\/2025\\\/07\\\/Ingresso-Camping-Villa-al-Mare.webp\",\"datePublished\":\"2025-06-12T08:59:26+00:00\",\"dateModified\":\"2025-08-08T07:44:38+00:00\",\"breadcrumb\":{\"@id\":\"https:\\\/\\\/villaalmare.com\\\/de\\\/por\\\/#breadcrumb\"},\"inLanguage\":\"de\",\"potentialAction\":[{\"@type\":\"ReadAction\",\"target\":[\"https:\\\/\\\/villaalmare.com\\\/de\\\/por\\\/\"]}]},{\"@type\":\"ImageObject\",\"inLanguage\":\"de\",\"@id\":\"https:\\\/\\\/villaalmare.com\\\/de\\\/por\\\/#primaryimage\",\"url\":\"https:\\\/\\\/villaalmare.com\\\/wp-content\\\/uploads\\\/2025\\\/07\\\/Ingresso-Camping-Villa-al-Mare.webp\",\"contentUrl\":\"https:\\\/\\\/villaalmare.com\\\/wp-content\\\/uploads\\\/2025\\\/07\\\/Ingresso-Camping-Villa-al-Mare.webp\",\"width\":1620,\"height\":1080},{\"@type\":\"BreadcrumbList\",\"@id\":\"https:\\\/\\\/villaalmare.com\\\/de\\\/por\\\/#breadcrumb\",\"itemListElement\":[{\"@type\":\"ListItem\",\"position\":1,\"name\":\"Home\",\"item\":\"https:\\\/\\\/villaalmare.com\\\/de\\\/\"},{\"@type\":\"ListItem\",\"position\":2,\"name\":\"POR\"}]},{\"@type\":\"WebSite\",\"@id\":\"https:\\\/\\\/villaalmare.com\\\/de\\\/#website\",\"url\":\"https:\\\/\\\/villaalmare.com\\\/de\\\/\",\"name\":\"Camping Villa al Mare\",\"description\":\"\",\"publisher\":{\"@id\":\"https:\\\/\\\/villaalmare.com\\\/de\\\/#organization\"},\"potentialAction\":[{\"@type\":\"SearchAction\",\"target\":{\"@type\":\"EntryPoint\",\"urlTemplate\":\"https:\\\/\\\/villaalmare.com\\\/de\\\/?s={search_term_string}\"},\"query-input\":{\"@type\":\"PropertyValueSpecification\",\"valueRequired\":true,\"valueName\":\"search_term_string\"}}],\"inLanguage\":\"de\"},{\"@type\":\"Organization\",\"@id\":\"https:\\\/\\\/villaalmare.com\\\/de\\\/#organization\",\"name\":\"Camping Villa al Mare\",\"url\":\"https:\\\/\\\/villaalmare.com\\\/de\\\/\",\"logo\":{\"@type\":\"ImageObject\",\"inLanguage\":\"de\",\"@id\":\"https:\\\/\\\/villaalmare.com\\\/de\\\/#\\\/schema\\\/logo\\\/image\\\/\",\"url\":\"https:\\\/\\\/villaalmare.com\\\/wp-content\\\/uploads\\\/2025\\\/05\\\/Logo-Camping-Villa-al-Mare.png\",\"contentUrl\":\"https:\\\/\\\/villaalmare.com\\\/wp-content\\\/uploads\\\/2025\\\/05\\\/Logo-Camping-Villa-al-Mare.png\",\"width\":1000,\"height\":633,\"caption\":\"Camping Villa al Mare\"},\"image\":{\"@id\":\"https:\\\/\\\/villaalmare.com\\\/de\\\/#\\\/schema\\\/logo\\\/image\\\/\"}}]}<\/script>\n<!-- \/ Yoast SEO plugin. -->","yoast_head_json":{"title":"POR - Camping Villa al Mare","robots":{"index":"index","follow":"follow","max-snippet":"max-snippet:-1","max-image-preview":"max-image-preview:large","max-video-preview":"max-video-preview:-1"},"canonical":"https:\/\/villaalmare.com\/de\/por\/","og_locale":"de_DE","og_type":"article","og_title":"POR - Camping Villa al Mare","og_description":"Camping Villa al Mare, Innovation f\u00fcr den Outdoor-Bereich Der Camping \u201eVilla al Mare\u201d m\u00f6chte mit diesem Projekt seine Anlage an neue Zielgruppen und die Entwicklung der touristischen Nachfrage anpassen. Dazu sind Ma\u00dfnahmen zur Verbesserung der angebotenen Dienstleistungen, zur Schaffung neuer Angebote, zur Gewinnung neuer Kundengruppen und zur Verl\u00e4ngerung der Saison vorgesehen, die alle den Anforderungen [&hellip;]","og_url":"https:\/\/villaalmare.com\/de\/por\/","og_site_name":"Camping Villa al Mare","article_modified_time":"2025-08-08T07:44:38+00:00","og_image":[{"width":1620,"height":1080,"url":"https:\/\/villaalmare.com\/wp-content\/uploads\/2025\/07\/Ingresso-Camping-Villa-al-Mare.webp","type":"image\/webp"}],"twitter_card":"summary_large_image","twitter_misc":{"Gesch\u00e4tzte Lesezeit":"2\u00a0Minuten"},"schema":{"@context":"https:\/\/schema.org","@graph":[{"@type":"WebPage","@id":"https:\/\/villaalmare.com\/de\/por\/","url":"https:\/\/villaalmare.com\/de\/por\/","name":"POR - Camping Villa al Mare","isPartOf":{"@id":"https:\/\/villaalmare.com\/de\/#website"},"primaryImageOfPage":{"@id":"https:\/\/villaalmare.com\/de\/por\/#primaryimage"},"image":{"@id":"https:\/\/villaalmare.com\/de\/por\/#primaryimage"},"thumbnailUrl":"https:\/\/villaalmare.com\/wp-content\/uploads\/2025\/07\/Ingresso-Camping-Villa-al-Mare.webp","datePublished":"2025-06-12T08:59:26+00:00","dateModified":"2025-08-08T07:44:38+00:00","breadcrumb":{"@id":"https:\/\/villaalmare.com\/de\/por\/#breadcrumb"},"inLanguage":"de","potentialAction":[{"@type":"ReadAction","target":["https:\/\/villaalmare.com\/de\/por\/"]}]},{"@type":"ImageObject","inLanguage":"de","@id":"https:\/\/villaalmare.com\/de\/por\/#primaryimage","url":"https:\/\/villaalmare.com\/wp-content\/uploads\/2025\/07\/Ingresso-Camping-Villa-al-Mare.webp","contentUrl":"https:\/\/villaalmare.com\/wp-content\/uploads\/2025\/07\/Ingresso-Camping-Villa-al-Mare.webp","width":1620,"height":1080},{"@type":"BreadcrumbList","@id":"https:\/\/villaalmare.com\/de\/por\/#breadcrumb","itemListElement":[{"@type":"ListItem","position":1,"name":"Home","item":"https:\/\/villaalmare.com\/de\/"},{"@type":"ListItem","position":2,"name":"POR"}]},{"@type":"WebSite","@id":"https:\/\/villaalmare.com\/de\/#website","url":"https:\/\/villaalmare.com\/de\/","name":"Camping Villa al Mare","description":"","publisher":{"@id":"https:\/\/villaalmare.com\/de\/#organization"},"potentialAction":[{"@type":"SearchAction","target":{"@type":"EntryPoint","urlTemplate":"https:\/\/villaalmare.com\/de\/?s={search_term_string}"},"query-input":{"@type":"PropertyValueSpecification","valueRequired":true,"valueName":"search_term_string"}}],"inLanguage":"de"},{"@type":"Organization","@id":"https:\/\/villaalmare.com\/de\/#organization","name":"Camping Villa al Mare","url":"https:\/\/villaalmare.com\/de\/","logo":{"@type":"ImageObject","inLanguage":"de","@id":"https:\/\/villaalmare.com\/de\/#\/schema\/logo\/image\/","url":"https:\/\/villaalmare.com\/wp-content\/uploads\/2025\/05\/Logo-Camping-Villa-al-Mare.png","contentUrl":"https:\/\/villaalmare.com\/wp-content\/uploads\/2025\/05\/Logo-Camping-Villa-al-Mare.png","width":1000,"height":633,"caption":"Camping Villa al Mare"},"image":{"@id":"https:\/\/villaalmare.com\/de\/#\/schema\/logo\/image\/"}}]}},"_links":{"self":[{"href":"https:\/\/villaalmare.com\/de\/wp-json\/wp\/v2\/pages\/3409","targetHints":{"allow":["GET"]}}],"collection":[{"href":"https:\/\/villaalmare.com\/de\/wp-json\/wp\/v2\/pages"}],"about":[{"href":"https:\/\/villaalmare.com\/de\/wp-json\/wp\/v2\/types\/page"}],"author":[{"embeddable":true,"href":"https:\/\/villaalmare.com\/de\/wp-json\/wp\/v2\/users\/1"}],"replies":[{"embeddable":true,"href":"https:\/\/villaalmare.com\/de\/wp-json\/wp\/v2\/comments?post=3409"}],"version-history":[{"count":7,"href":"https:\/\/villaalmare.com\/de\/wp-json\/wp\/v2\/pages\/3409\/revisions"}],"predecessor-version":[{"id":3947,"href":"https:\/\/villaalmare.com\/de\/wp-json\/wp\/v2\/pages\/3409\/revisions\/3947"}],"wp:featuredmedia":[{"embeddable":true,"href":"https:\/\/villaalmare.com\/de\/wp-json\/wp\/v2\/media\/2416"}],"wp:attachment":[{"href":"https:\/\/villaalmare.com\/de\/wp-json\/wp\/v2\/media?parent=3409"}],"curies":[{"name":"wp","href":"https:\/\/api.w.org\/{rel}","templated":true}]}}