{"id":3388,"date":"2025-06-12T11:33:11","date_gmt":"2025-06-12T09:33:11","guid":{"rendered":"https:\/\/villaalmare.promoservicebeta.com\/konversationsforschung\/"},"modified":"2025-08-14T10:12:27","modified_gmt":"2025-08-14T08:12:27","slug":"konversationsforschung","status":"publish","type":"page","link":"https:\/\/villaalmare.com\/de\/konversationsforschung\/","title":{"rendered":"Konversationsforschung"},"content":{"rendered":"\t\t<div data-elementor-type=\"wp-page\" data-elementor-id=\"3388\" class=\"elementor elementor-3388 elementor-647\" data-elementor-post-type=\"page\">\n\t\t\t\t<div class=\"elementor-element elementor-element-4c3082c e-con-full e-flex e-con e-parent\" data-id=\"4c3082c\" data-element_type=\"container\" data-e-type=\"container\">\n\t\t\t\t<div class=\"elementor-element elementor-element-42243d3 elementor-widget elementor-widget-template\" data-id=\"42243d3\" data-element_type=\"widget\" data-e-type=\"widget\" data-widget_type=\"template.default\">\n\t\t\t\t<div class=\"elementor-widget-container\">\n\t\t\t\t\t\t\t<div class=\"elementor-template\">\n\t\t\t\t\t<div data-elementor-type=\"section\" data-elementor-id=\"3569\" class=\"elementor elementor-3569 elementor-334 elementor-334\" data-elementor-post-type=\"elementor_library\">\n\t\t\t<div class=\"elementor-element elementor-element-33fec70b e-con-full site-hero-image e-flex e-con e-parent\" data-id=\"33fec70b\" data-element_type=\"container\" data-e-type=\"container\" data-settings=\"{&quot;background_background&quot;:&quot;classic&quot;}\">\n\t\t<div class=\"elementor-element elementor-element-144db223 e-flex e-con-boxed e-con e-child\" data-id=\"144db223\" data-element_type=\"container\" data-e-type=\"container\" data-settings=\"{&quot;background_background&quot;:&quot;classic&quot;}\">\n\t\t\t\t\t<div class=\"e-con-inner\">\n\t\t<div class=\"elementor-element elementor-element-3c9dfdb8 e-con-full elementor-hidden-desktop elementor-hidden-laptop elementor-hidden-tablet_extra elementor-hidden-tablet elementor-hidden-mobile e-flex e-con e-child\" data-id=\"3c9dfdb8\" data-element_type=\"container\" data-e-type=\"container\" data-settings=\"{&quot;background_background&quot;:&quot;classic&quot;}\">\n\t\t\t\t<div class=\"elementor-element elementor-element-787c67e4 elementor-widget__width-initial elementor-widget elementor-widget-shortcode\" data-id=\"787c67e4\" data-element_type=\"widget\" data-e-type=\"widget\" data-widget_type=\"shortcode.default\">\n\t\t\t\t<div class=\"elementor-widget-container\">\n\t\t\t\t\t\t\t<div class=\"elementor-shortcode\">[booking-form]\n        <\/div>\n\t\t\t\t\t\t<\/div>\n\t\t\t\t<\/div>\n\t\t\t\t<\/div>\n\t\t\t\t\t<\/div>\n\t\t\t\t<\/div>\n\t\t<div class=\"elementor-element elementor-element-453fd3d6 e-flex e-con-boxed e-con e-child\" data-id=\"453fd3d6\" data-element_type=\"container\" data-e-type=\"container\">\n\t\t\t\t\t<div class=\"e-con-inner\">\n\t\t\t\t<div class=\"elementor-element elementor-element-3c56d976 elementor-widget elementor-widget-heading\" data-id=\"3c56d976\" data-element_type=\"widget\" data-e-type=\"widget\" data-widget_type=\"heading.default\">\n\t\t\t\t<div class=\"elementor-widget-container\">\n\t\t\t\t\t<h1 class=\"elementor-heading-title elementor-size-default\">Konversationsforschung<\/h1>\t\t\t\t<\/div>\n\t\t\t\t<\/div>\n\t\t\t\t\t<\/div>\n\t\t\t\t<\/div>\n\t\t\t\t<\/div>\n\t\t\t\t<\/div>\n\t\t\t\t<\/div>\n\t\t\t\t\t\t<\/div>\n\t\t\t\t<\/div>\n\t\t\t\t<\/div>\n\t\t<div class=\"elementor-element elementor-element-ec770ac e-flex e-con-boxed e-con e-parent\" data-id=\"ec770ac\" data-element_type=\"container\" data-e-type=\"container\">\n\t\t\t\t\t<div class=\"e-con-inner\">\n\t\t\t\t<div class=\"elementor-element elementor-element-b3b1692 elementor-widget elementor-widget-spacer\" data-id=\"b3b1692\" data-element_type=\"widget\" data-e-type=\"widget\" data-widget_type=\"spacer.default\">\n\t\t\t\t<div class=\"elementor-widget-container\">\n\t\t\t\t\t\t\t<div class=\"elementor-spacer\">\n\t\t\t<div class=\"elementor-spacer-inner\"><\/div>\n\t\t<\/div>\n\t\t\t\t\t\t<\/div>\n\t\t\t\t<\/div>\n\t\t\t\t\t<\/div>\n\t\t\t\t<\/div>\n\t\t<div class=\"elementor-element elementor-element-4a5dd04 e-flex e-con-boxed e-con e-parent\" data-id=\"4a5dd04\" data-element_type=\"container\" data-e-type=\"container\">\n\t\t\t\t\t<div class=\"e-con-inner\">\n\t\t\t\t<div class=\"elementor-element elementor-element-f3b1bec elementor-widget elementor-widget-breadcrumbs\" data-id=\"f3b1bec\" data-element_type=\"widget\" data-e-type=\"widget\" data-widget_type=\"breadcrumbs.default\">\n\t\t\t\t<div class=\"elementor-widget-container\">\n\t\t\t\t\t<p id=\"breadcrumbs\"><span><span><a href=\"https:\/\/villaalmare.com\/de\/\">Home<\/a><\/span><\/span><\/p>\t\t\t\t<\/div>\n\t\t\t\t<\/div>\n\t\t\t\t\t<\/div>\n\t\t\t\t<\/div>\n\t\t<div class=\"elementor-element elementor-element-0237b03 e-flex e-con-boxed e-con e-parent\" data-id=\"0237b03\" data-element_type=\"container\" data-e-type=\"container\">\n\t\t\t\t\t<div class=\"e-con-inner\">\n\t\t\t\t<div class=\"elementor-element elementor-element-6681906 elementor-widget elementor-widget-shortcode\" data-id=\"6681906\" data-element_type=\"widget\" data-e-type=\"widget\" data-widget_type=\"shortcode.default\">\n\t\t\t\t<div class=\"elementor-widget-container\">\n\t\t\t\t\t\t\t<div class=\"elementor-shortcode\">\n\n<div class=\"chat-container\" id=\"chat-container\">\n    <div id=\"chat-header\">\n        <h2 class=\"gradient-text\">\n            Ich helfe Ihnen, das zu finden, wonach Sie suchen<br>\n        <\/h2>\n    <\/div>\n    <div class=\"entry-chats-wrapper\" id=\"entry-chats-wrapper\">\n        <div class=\"entry-chat\">\n            Unterkunft f\u00fcr meine Familie buchen            <div class=\"entry-chat-icon-wrap\">\n                <i class=\"fa-solid fa-people-roof entry-chat-icon\"><\/i>\n            <\/div>\n        <\/div>\n        <div class=\"entry-chat\">\n            Entdecken Sie unsere Stellpl\u00e4tze            <div class=\"entry-chat-icon-wrap\">\n                <i class=\"fa-solid fa-caravan-simple entry-chat-icon\"><\/i>\n            <\/div>\n        <\/div>\n        <div class=\"entry-chat\">\n            Erfahren Sie mehr \u00fcber all unsere Dienstleistungen            <div class=\"entry-chat-icon-wrap\">\n                <i class=\"fa-solid fa-shop entry-chat-icon\"><\/i>\n            <\/div>\n        <\/div>\n        <div class=\"entry-chat\">\n            Die Umgebung des Campingplatzes erkunden            <div class=\"entry-chat-icon-wrap\">\n                <i class=\"fa-solid fa-signs-post entry-chat-icon\"><\/i>\n            <\/div>\n        <\/div>\n    <\/div>\n    <div class=\"chat-box\" id=\"chat-box\"><\/div>\n    <div id=\"loading-indicator\" class=\"loading-conver hidden\">\n        <div class=\"dot\"><\/div>\n        <div class=\"dot\"><\/div>\n        <div class=\"dot\"><\/div>\n    <\/div>\n    <div class=\"input-area-conver\">\n        <input type=\"text\" id=\"user-input-conver\" placeholder=\"Schreiben Sie hier eine Anfrage...\">\n        <button id=\"send-btn-conver\">\n            <i class=\"fa-solid fa-arrow-up\"><\/i>\n        <\/button>\n    <\/div>\n<\/div><\/div>\n\t\t\t\t\t\t<\/div>\n\t\t\t\t<\/div>\n\t\t\t\t\t<\/div>\n\t\t\t\t<\/div>\n\t\t<div class=\"elementor-element elementor-element-aded946 e-flex e-con-boxed e-con e-parent\" data-id=\"aded946\" data-element_type=\"container\" data-e-type=\"container\">\n\t\t\t\t\t<div class=\"e-con-inner\">\n\t\t\t\t<div class=\"elementor-element elementor-element-74af4e5 elementor-widget elementor-widget-spacer\" data-id=\"74af4e5\" data-element_type=\"widget\" data-e-type=\"widget\" data-widget_type=\"spacer.default\">\n\t\t\t\t<div class=\"elementor-widget-container\">\n\t\t\t\t\t\t\t<div class=\"elementor-spacer\">\n\t\t\t<div class=\"elementor-spacer-inner\"><\/div>\n\t\t<\/div>\n\t\t\t\t\t\t<\/div>\n\t\t\t\t<\/div>\n\t\t\t\t\t<\/div>\n\t\t\t\t<\/div>\n\t\t\t\t<\/div>\n\t\t","protected":false},"excerpt":{"rendered":"","protected":false},"author":1,"featured_media":1424,"parent":0,"menu_order":0,"comment_status":"closed","ping_status":"closed","template":"","meta":{"_acf_changed":false,"footnotes":""},"class_list":["post-3388","page","type-page","status-publish","has-post-thumbnail","hentry"],"acf":[],"yoast_head":"<!-- This site is optimized with the Yoast SEO plugin v27.3 - https:\/\/yoast.com\/product\/yoast-seo-wordpress\/ -->\n<title>Finden Sie den perfekten Urlaub mit der intelligenten Suche | Camping Villa al Mare<\/title>\n<meta name=\"description\" content=\"Beantworten Sie ein paar Fragen und finden Sie sofort die perfekte L\u00f6sung f\u00fcr Ihre Bed\u00fcrfnisse. Jetzt ausprobieren!\" \/>\n<meta name=\"robots\" content=\"index, follow, max-snippet:-1, max-image-preview:large, max-video-preview:-1\" \/>\n<link rel=\"canonical\" href=\"https:\/\/villaalmare.com\/de\/konversationsforschung\/\" \/>\n<meta property=\"og:locale\" content=\"de_DE\" \/>\n<meta property=\"og:type\" content=\"article\" \/>\n<meta property=\"og:title\" content=\"Finden Sie den perfekten Urlaub mit der intelligenten Suche | Camping Villa al Mare\" \/>\n<meta property=\"og:description\" content=\"Beantworten Sie ein paar Fragen und finden Sie sofort die perfekte L\u00f6sung f\u00fcr Ihre Bed\u00fcrfnisse. Jetzt ausprobieren!\" \/>\n<meta property=\"og:url\" content=\"https:\/\/villaalmare.com\/de\/konversationsforschung\/\" \/>\n<meta property=\"og:site_name\" content=\"Camping Villa al Mare\" \/>\n<meta property=\"article:modified_time\" content=\"2025-08-14T08:12:27+00:00\" \/>\n<meta property=\"og:image\" content=\"https:\/\/villaalmare.com\/wp-content\/uploads\/2025\/07\/Spiaggia-dorata-con-ombrelloni-blu.webp\" \/>\n\t<meta property=\"og:image:width\" content=\"1620\" \/>\n\t<meta property=\"og:image:height\" content=\"1080\" \/>\n\t<meta property=\"og:image:type\" content=\"image\/webp\" \/>\n<meta name=\"twitter:card\" content=\"summary_large_image\" \/>\n<meta name=\"twitter:label1\" content=\"Gesch\u00e4tzte Lesezeit\" \/>\n\t<meta name=\"twitter:data1\" content=\"1\u00a0Minute\" \/>\n<script type=\"application\/ld+json\" class=\"yoast-schema-graph\">{\"@context\":\"https:\\\/\\\/schema.org\",\"@graph\":[{\"@type\":\"WebPage\",\"@id\":\"https:\\\/\\\/villaalmare.com\\\/de\\\/konversationsforschung\\\/\",\"url\":\"https:\\\/\\\/villaalmare.com\\\/de\\\/konversationsforschung\\\/\",\"name\":\"Finden Sie den perfekten Urlaub mit der intelligenten Suche | Camping Villa al Mare\",\"isPartOf\":{\"@id\":\"https:\\\/\\\/villaalmare.com\\\/de\\\/#website\"},\"primaryImageOfPage\":{\"@id\":\"https:\\\/\\\/villaalmare.com\\\/de\\\/konversationsforschung\\\/#primaryimage\"},\"image\":{\"@id\":\"https:\\\/\\\/villaalmare.com\\\/de\\\/konversationsforschung\\\/#primaryimage\"},\"thumbnailUrl\":\"https:\\\/\\\/villaalmare.com\\\/wp-content\\\/uploads\\\/2025\\\/07\\\/Spiaggia-dorata-con-ombrelloni-blu.webp\",\"datePublished\":\"2025-06-12T09:33:11+00:00\",\"dateModified\":\"2025-08-14T08:12:27+00:00\",\"description\":\"Beantworten Sie ein paar Fragen und finden Sie sofort die perfekte L\u00f6sung f\u00fcr Ihre Bed\u00fcrfnisse. Jetzt ausprobieren!\",\"breadcrumb\":{\"@id\":\"https:\\\/\\\/villaalmare.com\\\/de\\\/konversationsforschung\\\/#breadcrumb\"},\"inLanguage\":\"de\",\"potentialAction\":[{\"@type\":\"ReadAction\",\"target\":[\"https:\\\/\\\/villaalmare.com\\\/de\\\/konversationsforschung\\\/\"]}]},{\"@type\":\"ImageObject\",\"inLanguage\":\"de\",\"@id\":\"https:\\\/\\\/villaalmare.com\\\/de\\\/konversationsforschung\\\/#primaryimage\",\"url\":\"https:\\\/\\\/villaalmare.com\\\/wp-content\\\/uploads\\\/2025\\\/07\\\/Spiaggia-dorata-con-ombrelloni-blu.webp\",\"contentUrl\":\"https:\\\/\\\/villaalmare.com\\\/wp-content\\\/uploads\\\/2025\\\/07\\\/Spiaggia-dorata-con-ombrelloni-blu.webp\",\"width\":1620,\"height\":1080},{\"@type\":\"BreadcrumbList\",\"@id\":\"https:\\\/\\\/villaalmare.com\\\/de\\\/konversationsforschung\\\/#breadcrumb\",\"itemListElement\":[{\"@type\":\"ListItem\",\"position\":1,\"name\":\"Home\",\"item\":\"https:\\\/\\\/villaalmare.com\\\/de\\\/\"},{\"@type\":\"ListItem\",\"position\":2,\"name\":\"Konversationsforschung\"}]},{\"@type\":\"WebSite\",\"@id\":\"https:\\\/\\\/villaalmare.com\\\/de\\\/#website\",\"url\":\"https:\\\/\\\/villaalmare.com\\\/de\\\/\",\"name\":\"Camping Villa al Mare\",\"description\":\"\",\"publisher\":{\"@id\":\"https:\\\/\\\/villaalmare.com\\\/de\\\/#organization\"},\"potentialAction\":[{\"@type\":\"SearchAction\",\"target\":{\"@type\":\"EntryPoint\",\"urlTemplate\":\"https:\\\/\\\/villaalmare.com\\\/de\\\/?s={search_term_string}\"},\"query-input\":{\"@type\":\"PropertyValueSpecification\",\"valueRequired\":true,\"valueName\":\"search_term_string\"}}],\"inLanguage\":\"de\"},{\"@type\":\"Organization\",\"@id\":\"https:\\\/\\\/villaalmare.com\\\/de\\\/#organization\",\"name\":\"Camping Villa al Mare\",\"url\":\"https:\\\/\\\/villaalmare.com\\\/de\\\/\",\"logo\":{\"@type\":\"ImageObject\",\"inLanguage\":\"de\",\"@id\":\"https:\\\/\\\/villaalmare.com\\\/de\\\/#\\\/schema\\\/logo\\\/image\\\/\",\"url\":\"https:\\\/\\\/villaalmare.com\\\/wp-content\\\/uploads\\\/2025\\\/05\\\/Logo-Camping-Villa-al-Mare.png\",\"contentUrl\":\"https:\\\/\\\/villaalmare.com\\\/wp-content\\\/uploads\\\/2025\\\/05\\\/Logo-Camping-Villa-al-Mare.png\",\"width\":1000,\"height\":633,\"caption\":\"Camping Villa al Mare\"},\"image\":{\"@id\":\"https:\\\/\\\/villaalmare.com\\\/de\\\/#\\\/schema\\\/logo\\\/image\\\/\"}}]}<\/script>\n<!-- \/ Yoast SEO plugin. -->","yoast_head_json":{"title":"Finden Sie den perfekten Urlaub mit der intelligenten Suche | Camping Villa al Mare","description":"Beantworten Sie ein paar Fragen und finden Sie sofort die perfekte L\u00f6sung f\u00fcr Ihre Bed\u00fcrfnisse. Jetzt ausprobieren!","robots":{"index":"index","follow":"follow","max-snippet":"max-snippet:-1","max-image-preview":"max-image-preview:large","max-video-preview":"max-video-preview:-1"},"canonical":"https:\/\/villaalmare.com\/de\/konversationsforschung\/","og_locale":"de_DE","og_type":"article","og_title":"Finden Sie den perfekten Urlaub mit der intelligenten Suche | Camping Villa al Mare","og_description":"Beantworten Sie ein paar Fragen und finden Sie sofort die perfekte L\u00f6sung f\u00fcr Ihre Bed\u00fcrfnisse. Jetzt ausprobieren!","og_url":"https:\/\/villaalmare.com\/de\/konversationsforschung\/","og_site_name":"Camping Villa al Mare","article_modified_time":"2025-08-14T08:12:27+00:00","og_image":[{"width":1620,"height":1080,"url":"https:\/\/villaalmare.com\/wp-content\/uploads\/2025\/07\/Spiaggia-dorata-con-ombrelloni-blu.webp","type":"image\/webp"}],"twitter_card":"summary_large_image","twitter_misc":{"Gesch\u00e4tzte Lesezeit":"1\u00a0Minute"},"schema":{"@context":"https:\/\/schema.org","@graph":[{"@type":"WebPage","@id":"https:\/\/villaalmare.com\/de\/konversationsforschung\/","url":"https:\/\/villaalmare.com\/de\/konversationsforschung\/","name":"Finden Sie den perfekten Urlaub mit der intelligenten Suche | Camping Villa al Mare","isPartOf":{"@id":"https:\/\/villaalmare.com\/de\/#website"},"primaryImageOfPage":{"@id":"https:\/\/villaalmare.com\/de\/konversationsforschung\/#primaryimage"},"image":{"@id":"https:\/\/villaalmare.com\/de\/konversationsforschung\/#primaryimage"},"thumbnailUrl":"https:\/\/villaalmare.com\/wp-content\/uploads\/2025\/07\/Spiaggia-dorata-con-ombrelloni-blu.webp","datePublished":"2025-06-12T09:33:11+00:00","dateModified":"2025-08-14T08:12:27+00:00","description":"Beantworten Sie ein paar Fragen und finden Sie sofort die perfekte L\u00f6sung f\u00fcr Ihre Bed\u00fcrfnisse. Jetzt ausprobieren!","breadcrumb":{"@id":"https:\/\/villaalmare.com\/de\/konversationsforschung\/#breadcrumb"},"inLanguage":"de","potentialAction":[{"@type":"ReadAction","target":["https:\/\/villaalmare.com\/de\/konversationsforschung\/"]}]},{"@type":"ImageObject","inLanguage":"de","@id":"https:\/\/villaalmare.com\/de\/konversationsforschung\/#primaryimage","url":"https:\/\/villaalmare.com\/wp-content\/uploads\/2025\/07\/Spiaggia-dorata-con-ombrelloni-blu.webp","contentUrl":"https:\/\/villaalmare.com\/wp-content\/uploads\/2025\/07\/Spiaggia-dorata-con-ombrelloni-blu.webp","width":1620,"height":1080},{"@type":"BreadcrumbList","@id":"https:\/\/villaalmare.com\/de\/konversationsforschung\/#breadcrumb","itemListElement":[{"@type":"ListItem","position":1,"name":"Home","item":"https:\/\/villaalmare.com\/de\/"},{"@type":"ListItem","position":2,"name":"Konversationsforschung"}]},{"@type":"WebSite","@id":"https:\/\/villaalmare.com\/de\/#website","url":"https:\/\/villaalmare.com\/de\/","name":"Camping Villa al Mare","description":"","publisher":{"@id":"https:\/\/villaalmare.com\/de\/#organization"},"potentialAction":[{"@type":"SearchAction","target":{"@type":"EntryPoint","urlTemplate":"https:\/\/villaalmare.com\/de\/?s={search_term_string}"},"query-input":{"@type":"PropertyValueSpecification","valueRequired":true,"valueName":"search_term_string"}}],"inLanguage":"de"},{"@type":"Organization","@id":"https:\/\/villaalmare.com\/de\/#organization","name":"Camping Villa al Mare","url":"https:\/\/villaalmare.com\/de\/","logo":{"@type":"ImageObject","inLanguage":"de","@id":"https:\/\/villaalmare.com\/de\/#\/schema\/logo\/image\/","url":"https:\/\/villaalmare.com\/wp-content\/uploads\/2025\/05\/Logo-Camping-Villa-al-Mare.png","contentUrl":"https:\/\/villaalmare.com\/wp-content\/uploads\/2025\/05\/Logo-Camping-Villa-al-Mare.png","width":1000,"height":633,"caption":"Camping Villa al Mare"},"image":{"@id":"https:\/\/villaalmare.com\/de\/#\/schema\/logo\/image\/"}}]}},"_links":{"self":[{"href":"https:\/\/villaalmare.com\/de\/wp-json\/wp\/v2\/pages\/3388","targetHints":{"allow":["GET"]}}],"collection":[{"href":"https:\/\/villaalmare.com\/de\/wp-json\/wp\/v2\/pages"}],"about":[{"href":"https:\/\/villaalmare.com\/de\/wp-json\/wp\/v2\/types\/page"}],"author":[{"embeddable":true,"href":"https:\/\/villaalmare.com\/de\/wp-json\/wp\/v2\/users\/1"}],"replies":[{"embeddable":true,"href":"https:\/\/villaalmare.com\/de\/wp-json\/wp\/v2\/comments?post=3388"}],"version-history":[{"count":2,"href":"https:\/\/villaalmare.com\/de\/wp-json\/wp\/v2\/pages\/3388\/revisions"}],"predecessor-version":[{"id":4011,"href":"https:\/\/villaalmare.com\/de\/wp-json\/wp\/v2\/pages\/3388\/revisions\/4011"}],"wp:featuredmedia":[{"embeddable":true,"href":"https:\/\/villaalmare.com\/de\/wp-json\/wp\/v2\/media\/1424"}],"wp:attachment":[{"href":"https:\/\/villaalmare.com\/de\/wp-json\/wp\/v2\/media?parent=3388"}],"curies":[{"name":"wp","href":"https:\/\/api.w.org\/{rel}","templated":true}]}}